{"id":24,"date":"2021-03-29T19:59:15","date_gmt":"2021-03-29T19:59:15","guid":{"rendered":"https:\/\/tc-sanktjohann.at\/?page_id=24"},"modified":"2025-03-27T14:09:59","modified_gmt":"2025-03-27T14:09:59","slug":"mitglied-werden","status":"publish","type":"page","link":"https:\/\/tc-sanktjohann.at\/index.php\/mitglied-werden\/","title":{"rendered":"Mitglied werden"},"content":{"rendered":"\n<h3 class=\"wp-block-heading\">Vollst\u00e4ndiges Mitglied<\/h3>\n\n\n\n<ul>\n<li><strong>Einzelmitglied<\/strong> (ab 19. Lebensjahr): \u20ac 85,-<\/li>\n\n\n\n<li><strong>Ehepaare bzw. Lebensgemeinschaften<\/strong> mit gleicher Meldeanschrift: \u20ac 130,-<\/li>\n\n\n\n<li><strong>Kinder<\/strong> (bis zum vollendeten 14. Lebensjahr) \u20ac 25,-<\/li>\n\n\n\n<li><strong>Jugendliche<\/strong> (vom 15. &#8211; 18. Lebensjahr, Studenten max. bis zum 27. Lebensjahr) \u20ac 35,-<br><br>Die einmalige Einschreibgeb\u00fchr richtet sich nach der Mitgliedschaft! <\/li>\n<\/ul>\n\n\n\n<hr class=\"wp-block-separator has-text-color has-css-opacity has-background is-style-wide\" style=\"background-color:#ffa900;color:#ffa900\"\/>\n\n\n\n<h3 class=\"wp-block-heading\">Chip-Schl\u00fcsselsystem<\/h3>\n\n\n\n<div class=\"wp-block-media-text alignwide is-stacked-on-mobile\" style=\"grid-template-columns:15% auto\"><figure class=\"wp-block-media-text__media\"><img decoding=\"async\" loading=\"lazy\" width=\"120\" height=\"120\" src=\"https:\/\/tc-sanktjohann.at\/wp-content\/uploads\/2021\/04\/chip-e1617917867809.jpg\" alt=\"\" class=\"wp-image-373 size-full\"\/><\/figure><div class=\"wp-block-media-text__content\">\n<p class=\"has-normal-font-size\">Die Tennisanlage besitzt ein modernes, praktisches Chip-Schl\u00fcsselsystem. Die Eingangst\u00fcr zur Tennisanlage steht stets offen. Um das Vereinshaus betreten zu k\u00f6nnen, wird ein Chip ben\u00f6tigt. Der Chip passt an jeden Schl\u00fcsselbund und ist gegen eine Kaution von \u20ac 10,\u2013 jederzeit bei Dietmar Schipfer (0664\/16\u200926\u2009820) erh\u00e4ltlich. Weitere Informationen sowie die Schl\u00fcssel f\u00fcr WC-Anlage und Tennisplatz h\u00e4ngen an der Pinnwand im Vereinshaus.<\/p>\n<\/div><\/div>\n\n\n\n<hr class=\"wp-block-separator has-text-color has-luminous-vivid-amber-color has-css-opacity has-luminous-vivid-amber-background-color has-background is-style-wide\"\/>\n\n\n\n<h3 class=\"wp-block-heading\">G\u00e4stestunden<\/h3>\n\n\n\n<p>Ohne Chip ist der Zutritt zur Tennisanlage nicht m\u00f6glich. Dieser kann beim <strong><a rel=\"noreferrer noopener\" href=\"https:\/\/gasthof-jauk-hartner.at\/\" target=\"_blank\">Gasthof Jauk-Hartner<\/a> <\/strong>oder <strong><a rel=\"noreferrer noopener\" href=\"https:\/\/www.google.com\/maps\/place\/Friseur+Schmidt\/@46.6991274,15.4013511,17z\/data=!3m1!4b1!4m6!3m5!1s0x476f964a8426f583:0x6e79f1039a80bd42!8m2!3d46.6991274!4d15.4013511!16s%2Fg%2F1tdg6lxq?entry=ttu&amp;g_ep=EgoyMDI1MDMyNC4wIKXMDSoASAFQAw%3D%3D\" target=\"_blank\">Friseur Schmidt<\/a><\/strong> w\u00e4hrend deren Gesch\u00e4ftszeiten ausgeliehen werden. Der Chip ist nach dem Spiel wieder zu retournieren oder je nach Vereinbarung an ausgemachter Stelle zu hinterlegen.<\/p>\n\n\n\n<p><strong>G\u00e4stestunden<\/strong>: \u20ac 15,- pro Platz<br><br><strong>Gastspieler spielt mit Mitglied:<\/strong> <br>\u00bd Platzanteil: \u20ac 8,-<br>\u00bc Platzanteil: \u20ac 4,- (bei Doppel)<\/p>\n\n\n\n<p>Mehr Informationen bzgl. G\u00e4stestunden findest du bei unseren <a href=\"https:\/\/tc-sanktjohann.at\/index.php\/regelungen\/#gaststunde\" data-type=\"URL\" data-id=\"https:\/\/tc-sanktjohann.at\/index.php\/regelungen\/#gaststunde\">Regelungen.<\/a><\/p>\n\n\n\n<hr class=\"wp-block-separator has-text-color has-luminous-vivid-amber-color has-css-opacity has-luminous-vivid-amber-background-color has-background is-style-wide\"\/>\n\n\n\n<h3 class=\"wp-block-heading\">Jetzt Vereinsmitglied werden<\/h3>\n\n\n\n<p>Bei uns ist jeder herzlich willkommen und wir freuen uns sehr \u00fcber neue Mitglieder. Hier kannst du die Beitrittserkl\u00e4rung herunterladen. Entweder schickst du uns diese per Mail <strong><a href=\"mailto:schriftfuehrer@tc-sanktjohann.at\" target=\"_blank\" rel=\"noreferrer noopener\">schriftfuehrer@tc-sanktjohann.at<\/a><\/strong> oder hinterlegst dies am Tennisplatz. <\/p>\n\n\n\n<div class=\"wp-block-buttons is-layout-flex\">\n<div class=\"wp-block-button\"><a class=\"wp-block-button__link has-background wp-element-button\" href=\"https:\/\/tc-sanktjohann.at\/wp-content\/uploads\/2021\/04\/Beitrittserklaerung_2021.pdf\" style=\"border-radius:8px;background-color:#ffa900\" target=\"_blank\" rel=\"noreferrer noopener\">Beitrittserkl\u00e4rung<\/a><\/div>\n<\/div>\n\n\n\n<hr class=\"wp-block-separator has-css-opacity\"\/>\n\n\n\n<p class=\"has-small-font-size\">Alle Preise sind seit 2025 unver\u00e4ndert<\/p>\n\n\n\n<p><\/p>\n","protected":false},"excerpt":{"rendered":"<p>Vollst\u00e4ndiges Mitglied Chip-Schl\u00fcsselsystem Die Tennisanlage besitzt ein modernes, praktisches Chip-Schl\u00fcsselsystem. Die Eingangst\u00fcr zur Tennisanlage steht stets offen. Um das Vereinshaus betreten zu k\u00f6nnen, wird ein Chip ben\u00f6tigt. Der Chip passt an jeden Schl\u00fcsselbund und ist gegen eine Kaution von \u20ac<\/p>\n","protected":false},"author":1,"featured_media":0,"parent":0,"menu_order":5,"comment_status":"closed","ping_status":"closed","template":"","meta":[],"_links":{"self":[{"href":"https:\/\/tc-sanktjohann.at\/index.php\/wp-json\/wp\/v2\/pages\/24"}],"collection":[{"href":"https:\/\/tc-sanktjohann.at\/index.php\/wp-json\/wp\/v2\/pages"}],"about":[{"href":"https:\/\/tc-sanktjohann.at\/index.php\/wp-json\/wp\/v2\/types\/page"}],"author":[{"embeddable":true,"href":"https:\/\/tc-sanktjohann.at\/index.php\/wp-json\/wp\/v2\/users\/1"}],"replies":[{"embeddable":true,"href":"https:\/\/tc-sanktjohann.at\/index.php\/wp-json\/wp\/v2\/comments?post=24"}],"version-history":[{"count":52,"href":"https:\/\/tc-sanktjohann.at\/index.php\/wp-json\/wp\/v2\/pages\/24\/revisions"}],"predecessor-version":[{"id":840,"href":"https:\/\/tc-sanktjohann.at\/index.php\/wp-json\/wp\/v2\/pages\/24\/revisions\/840"}],"wp:attachment":[{"href":"https:\/\/tc-sanktjohann.at\/index.php\/wp-json\/wp\/v2\/media?parent=24"}],"curies":[{"name":"wp","href":"https:\/\/api.w.org\/{rel}","templated":true}]}}