{"id":210,"date":"2021-03-31T21:09:13","date_gmt":"2021-03-31T21:09:13","guid":{"rendered":"https:\/\/tc-sanktjohann.at\/?page_id=210"},"modified":"2021-04-08T20:53:49","modified_gmt":"2021-04-08T20:53:49","slug":"impressum-2","status":"publish","type":"page","link":"https:\/\/tc-sanktjohann.at\/index.php\/impressum-2\/","title":{"rendered":"Impressum"},"content":{"rendered":"\n<p><strong>Medieninhaber\/Herausgeber<\/strong><br>Tennisclub St. Johann im Saggautal<br>8453 St. Johann im Saggautal 139<\/p>\n\n\n\n<p><\/p>\n\n\n\n<p><strong>Verantwortlich f\u00fcr den Inhalt<\/strong><br>Tennisclub St. Johann im Saggautal<\/p>\n\n\n\n<p><\/p>\n\n\n\n<p><strong>Systemadministrator<\/strong><br>Arnold Strohmaier<br>0676-84142882<br><a href=\"mailto:arnold.strohmaier@gmail.com\">arnold.strohmaier@gmail.com<\/a><\/p>\n\n\n\n<p><strong>Haftungsausschluss<br><\/strong>Der Medieninhaber unternimmt alle zumutbaren Anstrengungen um sicherzustellen, dass die auf dieser Webseite bereitgestellten Informationen zur Zeit der Bereitstellung richtig und vollst\u00e4ndig sind. Dennoch kann es zu unbeabsichtigten und zuf\u00e4lligen Fehlern gekommen sein, f\u00fcr die wir uns entschuldigen.<br>Der Medieninhaber macht keine Zusicherung und \u00fcbernimmt keine Gew\u00e4hrleistung f\u00fcr die auf dieser Webseite zur Verf\u00fcgung gestellten Informationen, wie z. B. Hyperlinks oder andere Inhalte, die entweder direkt oder indirekt von dieser Webseite verwendet werden. Auch beh\u00e4lt sich der Medieninhaber das Recht vor, \u00c4nderungen oder Erg\u00e4nzungen der bereitgestellten Informationen ohne vorherige Ank\u00fcndigung vorzunehmen. Der Medieninhaber lehnt jegliche Haftung f\u00fcr unrichtige oder fehlende Informationen auf dieser Webseite ab, und daher liegen alle Entscheidungen, die auf den auf dieser Webseite bereitgestellten Informationen beruhen, einzig und allein im Verantwortungsbereich des Benutzers. Der Medieninhaber lehnt jegliche Haftung f\u00fcr unmittelbare, konkrete Sch\u00e4den oder Folgesch\u00e4den, oder sonstige Sch\u00e4den jeglicher Art, die aus welchem Grund auch immer im Zusammenhang mit dem indirekten oder direkten Gebrauch der auf dieser Webseite bereitgestellten Informationen entstanden sind, ab. Sofern nicht anders angegeben, liegt das Urheberrecht aller auf dieser Webseite bereitgestellten Dokumente und der daf\u00fcr verwendeten Materialien ausschlie\u00dflich beim Medieninhaber oder bei eTennis. Die Vervielf\u00e4ltigung der Dokumente ist nur f\u00fcr den pers\u00f6nlichen und informativen Gebrauch gestattet und jede sonstige Vervielf\u00e4ltigung oder jeder sonstige Gebrauch ist ausdr\u00fccklich untersagt. Soweit \u00fcber Hyperlinks auf Software Dritter zugegriffen wird, gelten die Regelungen dieses Anbieters und sind dessen Rechte zu beachten.<br>Die Manipulation sowie der Zugriff mit automatisierten Diensten ist untersagt.<\/p>\n","protected":false},"excerpt":{"rendered":"<p>Medieninhaber\/HerausgeberTennisclub St. Johann im Saggautal8453 St. Johann im Saggautal 139 Verantwortlich f\u00fcr den InhaltTennisclub St. Johann im Saggautal SystemadministratorArnold Strohmaier0676-84142882arnold.strohmaier@gmail.com HaftungsausschlussDer Medieninhaber unternimmt alle zumutbaren Anstrengungen um sicherzustellen, dass die auf dieser Webseite bereitgestellten Informationen zur Zeit der Bereitstellung richtig<\/p>\n","protected":false},"author":1,"featured_media":0,"parent":0,"menu_order":0,"comment_status":"closed","ping_status":"closed","template":"","meta":[],"_links":{"self":[{"href":"https:\/\/tc-sanktjohann.at\/index.php\/wp-json\/wp\/v2\/pages\/210"}],"collection":[{"href":"https:\/\/tc-sanktjohann.at\/index.php\/wp-json\/wp\/v2\/pages"}],"about":[{"href":"https:\/\/tc-sanktjohann.at\/index.php\/wp-json\/wp\/v2\/types\/page"}],"author":[{"embeddable":true,"href":"https:\/\/tc-sanktjohann.at\/index.php\/wp-json\/wp\/v2\/users\/1"}],"replies":[{"embeddable":true,"href":"https:\/\/tc-sanktjohann.at\/index.php\/wp-json\/wp\/v2\/comments?post=210"}],"version-history":[{"count":3,"href":"https:\/\/tc-sanktjohann.at\/index.php\/wp-json\/wp\/v2\/pages\/210\/revisions"}],"predecessor-version":[{"id":361,"href":"https:\/\/tc-sanktjohann.at\/index.php\/wp-json\/wp\/v2\/pages\/210\/revisions\/361"}],"wp:attachment":[{"href":"https:\/\/tc-sanktjohann.at\/index.php\/wp-json\/wp\/v2\/media?parent=210"}],"curies":[{"name":"wp","href":"https:\/\/api.w.org\/{rel}","templated":true}]}}