{"id":204,"date":"2021-03-31T20:03:47","date_gmt":"2021-03-31T20:03:47","guid":{"rendered":"https:\/\/tc-sanktjohann.at\/?page_id=204"},"modified":"2025-03-27T14:06:41","modified_gmt":"2025-03-27T14:06:41","slug":"regelungen","status":"publish","type":"page","link":"https:\/\/tc-sanktjohann.at\/index.php\/regelungen\/","title":{"rendered":"Regelungen"},"content":{"rendered":"\n<h2 class=\"wp-block-heading\"><strong>SPIEL- UND PLATZORDNUNG<\/strong><\/h2>\n\n\n\n<p>Unsere Tennisanlage dient der sportlichen Bet\u00e4tigung und Erholung. F\u00fcr jeden Benutzer sollte es daher eine Selbstverst\u00e4ndlichkeit sein, sich auf diesem Areal verantwortungsbewusst zu bewegen, um einen ordnungsgem\u00e4\u00dfen Zustand aufrecht erhalten zu k\u00f6nnen. Das Betreten der Tennispl\u00e4tze und das Spielen ist nur mit Tennisschuhen erlaubt. Allen aktiven Mitgliedern stehen die Tennispl\u00e4tze w\u00e4hrend der allgemeinen Spielzeit unter Ber\u00fccksichtigung des&nbsp;<strong><a rel=\"noreferrer noopener\" href=\"https:\/\/tc-sanktjohann.tennisplatz.info\/reservierung\" target=\"_blank\">Reservierungsplans<\/a><\/strong>&nbsp;uneingeschr\u00e4nkt zur Verf\u00fcgung.<\/p>\n\n\n\n<div style=\"height:50px\" aria-hidden=\"true\" class=\"wp-block-spacer\"><\/div>\n\n\n\n<p><strong>1. BESPIELBARKEIT | AUSR\u00dcSTUNG | PLATZPFLEGE<\/strong><\/p>\n\n\n\n<p>\u00dcber die Bespielbarkeit der Pl\u00e4tze entscheidet der Platzwart. Sofern die Pl\u00e4tze gesperrt sind\/wurden, ist ein\u00a0<strong>Bespielen und Betreten der Pl\u00e4tze verboten<\/strong>. Nachdem die Platzsperre auf\u00a0<strong><a href=\"https:\/\/tc-sanktjohann.at\/\">tc-sanktjohann.at<\/a><\/strong><a rel=\"noreferrer noopener\" href=\"http:\/\/www.tcstjohann.at\/\" target=\"_blank\"><strong> <\/strong><\/a>ver\u00f6ffentlicht wird, empfiehlt es sich, vorab sich nochmals \u00fcber die Bespielbarkeit zu informieren. Bei entsprechender Einstellung im eigenen Profil (Benachrichtigung\/Mail) wird jedes Mitglied, dass von einer Platzsperre betroffen ist, auch per E-Mail benachrichtigt. Beginnt es w\u00e4hrend des Spiels zu regnen, ist das Spiel zu beenden und der Platz wenn m\u00f6glich noch abzuziehen. <\/p>\n\n\n\n<ul>\n<li>Das Betreten des Tennisplatzes ist&nbsp;<strong>nur mit Tennisschuhen<\/strong>&nbsp;gestattet, bevorzugt sollten &#8222;AllCourt&#8220; Schuhe verwendet werden.<\/li>\n\n\n\n<li><strong>Die Pl\u00e4tze sind ForceCourt 2 Pl\u00e4tze mit Granulat<\/strong><\/li>\n\n\n\n<li>Nach Spielende ist der gesamte Platz&nbsp;<strong>mit der B\u00fcrste abzuziehen<\/strong>. <\/li>\n\n\n\n<li>S\u00e4mtlicher M\u00fcll (Trinkflaschen, B\u00e4lle, Verpflegung, etc.) ist&nbsp;<strong>in den Mistk\u00fcbeln<\/strong>&nbsp;zu entsorgen!<\/li>\n\n\n\n<li>Die Sonnenschirme sind vor Verlassen des Platzes jedenfalls&nbsp;<strong>wieder abzuspannen<\/strong>.<\/li>\n\n\n\n<li>Wir bitten darum die <strong>K\u00fcche<\/strong> sauber zu halten.<\/li>\n\n\n\n<li>Spieler mit <strong>Reservierungen haben Vorrang<\/strong>.<\/li>\n\n\n\n<li>Bei Nichtinanspruchnahme von reservierten Stunden &#8211; <strong>bitte Reservierung stornieren<\/strong>.<\/li>\n\n\n\n<li>Spieler m\u00fcssen sp\u00e4testens <strong>10 Minuten nach Beginn<\/strong> der Reservierungszeit am Platz sein &#8211; ansonsten gilt der Platz als frei.<\/li>\n\n\n\n<li>Bei Weitergabe des Zutrittschips an Dritte, insbesondere an Jugendliche und Kinder, haftet der Besitzer des Chips.<\/li>\n\n\n\n<li>Bitte beim Verlassen des Platzes die <strong>Lichter <\/strong>im Vereinshaus ausschalten und alle T\u00fcren <strong>schlie\u00dfen und versperren<\/strong>. <\/li>\n<\/ul>\n\n\n\n<p><strong>Beleuchtung<\/strong><br>Die Flutlichtanlage wurde auf eine moderne LED-Beleuchtung umgestellt. Mittels Einwurf von 1 Euro-M\u00fcnzen in den M\u00fcnzz\u00e4hler (Vorraum, links neben der K\u00fcchent\u00fcr) wird die Beleuchtung f\u00fcr 30 Minuten aktiviert. Durch die LED-Lichter gibt es jetzt kein &#8222;Start Problem&#8220; mehr. Geht das Licht zu fr\u00fch aus braucht man nicht abwarten bis die Lampen abgek\u00fchlt sind. Durch einen weiteren Einwurf einer 1 Euro-M\u00fcnze starten die LEDs sofort wieder.<\/p>\n\n\n\n<p><strong>W\u00e4rmestrahler und Windschutz Terrasse<\/strong><br>F\u00fcr ein gem\u00fctliches Zusammensein wurden ein Windschutz und W\u00e4rmestrahler auf der Terrasse installiert. Die W\u00e4rmelampen k\u00f6nnen mittels Schalter (rechts neben der Eingangst\u00fcr) aktiviert werden. Die Strahler werden mittels Timer gesteuert &#8211; die Lampen schalten sich daher automatisch nach einer bestimmten Zeit wieder aus.<\/p>\n\n\n\n<hr class=\"wp-block-separator has-text-color has-css-opacity has-background is-style-wide\" style=\"background-color:#ffa900;color:#ffa900\"\/>\n\n\n\n<div style=\"height:20px\" aria-hidden=\"true\" class=\"wp-block-spacer\"><\/div>\n\n\n\n<p><strong>2. PLATZRESERVIERUNGEN<\/strong><\/p>\n\n\n\n<p>Platzreservierungen k\u00f6nnen nur mehr\u00a0<strong>online<\/strong>\u00a0erfolgen, eine Buchung ist aber nicht zwingend vorgeschrieben. Wenn ein Platz frei ist kann jederzeit gespielt werden, jedoch haben <strong>Reservierungen ausnahmslos Vorrang! <\/strong>Die Platzreservierung erfolgt durch Auswahl des Mitspielers beim Einzel bzw. aller drei weiteren Spieler beim Doppelspiel. Eine Eintragung von nur einem Spieler in den Spielplan ist nicht m\u00f6glich. Jedes <strong>erwachsene Mitglied<\/strong> kann innerhalb von 7 Tagen maximal 4 Stunden (davon 2 Stunden in der Hauptspielzeit von 18:00 bis 22:00 Uhr) vorab reservieren. Nach Ablauf der Reservierung kann dann zu den vorher angef\u00fchrten Regeln wieder gebucht werden. <\/p>\n\n\n\n<p><strong>Kinder und Jugendliche<\/strong>: F\u00fcr unsere j\u00fcngeren Mitglieder (bis zum 14. Lebensjahr) ist <strong>eine Buchung der Pl\u00e4tze nur bis 18 Uhr m\u00f6glich<\/strong>, somit kann in der Hauptspielzeit (t\u00e4glich von 18 bis 21 Uhr) keine Reservierung von Jugendliche erfolgen. Es kann nat\u00fcrlich immer gespielt werden, wenn einer der Pl\u00e4tze frei ist.<\/p>\n\n\n\n<hr class=\"wp-block-separator has-text-color has-luminous-vivid-amber-color has-css-opacity has-luminous-vivid-amber-background-color has-background is-style-wide\"\/>\n\n\n\n<div style=\"height:20px\" aria-hidden=\"true\" class=\"wp-block-spacer\"><\/div>\n\n\n\n<p id=\"gaststunde\"><strong>3. SPIELBERECHTIGUNG F\u00dcR G\u00c4STE&nbsp;<\/strong>(Nichtmitglieder)<\/p>\n\n\n\n<p id=\"gaststunde\">Die Tennispl\u00e4tze stehen allen interessierten G\u00e4ste zur Verf\u00fcgung. Wir empfehlen eine Registrierung im System, dies ist jedoch nicht verpflichtend. Wichtig zu wissen ist das Spieler mit Reservierungen immer Vorrang haben. Eine Buchung in der Hauptspielzeit (18:00 bis 22:00 Uhr) ist f\u00fcr G\u00e4ste nicht m\u00f6glich, diese Zeit ist f\u00fcr unsere Mitglieder reserviert. Die <strong>Platzgeb\u00fchr f\u00fcr Nicht-Mitglieder betr\u00e4gt \u20ac 15,\u2013 <\/strong>f\u00fcr eine Stunde pro Platz; spielt ein Mitglied mit einem Nicht-Mitglied betr\u00e4gt die Geb\u00fchr \u20ac 8,\u2013. Die Platzgeb\u00fchr ist bitte in die hierf\u00fcr vorgesehene Kasse einzuwerfen (befindet sich im Vorraum). <br><\/p>\n\n\n\n<div style=\"height:10px\" aria-hidden=\"true\" class=\"wp-block-spacer\"><\/div>\n\n\n\n<p><strong>Zutrittschips f\u00fcr G\u00e4ste<\/strong> sind bei folgenden Unternehmen w\u00e4hrend der Gesch\u00e4ftszeit hinterlegt:<\/p>\n\n\n\n<div class=\"wp-block-group is-layout-flow\"><div class=\"wp-block-group__inner-container\">\n<div class=\"wp-block-columns is-layout-flex wp-container-3\">\n<div class=\"wp-block-column is-layout-flow\">\n<p><strong><a href=\"https:\/\/gasthof-jauk-hartner.at\/\" target=\"_blank\" rel=\"noreferrer noopener\">Gasthof Jauk-Hartner<\/a><\/strong><br>St. Johann 2<br>8453 St. Johann im Saggautal<br><a rel=\"noreferrer noopener\" href=\"http:\/\/www.gasthof-jauk-hartner.at\/\" target=\"_blank\">www.gasthof-jauk-hartner.at<\/a><\/p>\n<\/div>\n\n\n\n<div class=\"wp-block-column is-layout-flow\">\n<p><a href=\"https:\/\/goo.gl\/maps\/aYY39ULoZ8yxHXRy6\"><strong>Friseur <\/strong><\/a><strong><a href=\"https:\/\/goo.gl\/maps\/aYY39ULoZ8yxHXRy6\" target=\"_blank\" rel=\"noreferrer noopener\">Schmidt<\/a><\/strong><br>St. Johann im Saggautal 41 <br>8453 St. Johann im Saggautal <br><a rel=\"noreferrer noopener\" href=\"http:\/\/www.schmidt-haar.at\/\" target=\"_blank\">www.schmidt-haar.at<\/a><\/p>\n<\/div>\n<\/div>\n<\/div><\/div>\n\n\n\n<p>Der Chip zum Zutritt zur Tennisanlage ist nach dem Spiel wieder zu retournieren oder je nach Vereinbarung an der ausgemachten Stelle zu hinterlegen.<\/p>\n\n\n\n<hr class=\"wp-block-separator has-text-color has-css-opacity has-background is-style-wide\" style=\"background-color:#ffa900;color:#ffa900\"\/>\n\n\n\n<div style=\"height:20px\" aria-hidden=\"true\" class=\"wp-block-spacer\"><\/div>\n\n\n\n<p><strong>4. GETR\u00c4NKE<\/strong><\/p>\n\n\n\n<p>Die im K\u00fchlschrank angebotenen Getr\u00e4nke sind gegen unmittelbarer Bezahlung zu entnehmen, wobei das Leergut inkl. der Einwegflaschen wieder in die daf\u00fcr vorgesehenen Kisten zur\u00fcckzustellen ist. Kinder und Jugendliche unter <strong>16 Jahren d\u00fcrfen KEINE alkoholischen Getr\u00e4nke<\/strong> konsumieren. Die Zutrittschips werden vom Verein ausschlie\u00dflich an Erwachsene (Kaution) vergeben. Wird ein Chip an Kinder bzw. Jugendliche verliehen haftet der Chipbesitzer.<\/p>\n\n\n\n<hr class=\"wp-block-separator has-text-color has-css-opacity has-background is-style-wide\" style=\"background-color:#ffa900;color:#ffa900\"\/>\n\n\n\n<div style=\"height:20px\" aria-hidden=\"true\" class=\"wp-block-spacer\"><\/div>\n\n\n\n<p><strong>5. Beschl\u00fcsse und Ausschluss<br><\/strong><\/p>\n\n\n\n<p>Der Tennisclub St. Johann im Saggautal beh\u00e4lt sich vor, f\u00fcr die Ben\u00fctzung der Tennisanlagen Einschr\u00e4nkungen aufzuerlegen, wenn dies zum geregelten Ablauf des sportlichen Betriebes in besonderen Belastungszeiten im Vereinsinteresse notwendig ist. Der Tennisclub St. Johann im Saggautal ist berechtigt, bei Freundschafts-, Turnier- und Ranglistenspiele oder Kurse, Sonderregelungen f\u00fcr die Ben\u00fctzung der Tennispl\u00e4tze zu erlassen. Der Vereinsvorstand haltet sich das Recht vor, bei wiederkehrenden Regelverst\u00f6\u00dfen oder unangemessenen Verhalten eines Mitglieds diesen vom Verein auszuschlie\u00dfen.<\/p>\n\n\n\n<p><\/p>\n","protected":false},"excerpt":{"rendered":"<p>SPIEL- UND PLATZORDNUNG Unsere Tennisanlage dient der sportlichen Bet\u00e4tigung und Erholung. F\u00fcr jeden Benutzer sollte es daher eine Selbstverst\u00e4ndlichkeit sein, sich auf diesem Areal verantwortungsbewusst zu bewegen, um einen ordnungsgem\u00e4\u00dfen Zustand aufrecht erhalten zu k\u00f6nnen. Das Betreten der Tennispl\u00e4tze und<\/p>\n","protected":false},"author":1,"featured_media":0,"parent":0,"menu_order":0,"comment_status":"closed","ping_status":"closed","template":"","meta":[],"_links":{"self":[{"href":"https:\/\/tc-sanktjohann.at\/index.php\/wp-json\/wp\/v2\/pages\/204"}],"collection":[{"href":"https:\/\/tc-sanktjohann.at\/index.php\/wp-json\/wp\/v2\/pages"}],"about":[{"href":"https:\/\/tc-sanktjohann.at\/index.php\/wp-json\/wp\/v2\/types\/page"}],"author":[{"embeddable":true,"href":"https:\/\/tc-sanktjohann.at\/index.php\/wp-json\/wp\/v2\/users\/1"}],"replies":[{"embeddable":true,"href":"https:\/\/tc-sanktjohann.at\/index.php\/wp-json\/wp\/v2\/comments?post=204"}],"version-history":[{"count":46,"href":"https:\/\/tc-sanktjohann.at\/index.php\/wp-json\/wp\/v2\/pages\/204\/revisions"}],"predecessor-version":[{"id":835,"href":"https:\/\/tc-sanktjohann.at\/index.php\/wp-json\/wp\/v2\/pages\/204\/revisions\/835"}],"wp:attachment":[{"href":"https:\/\/tc-sanktjohann.at\/index.php\/wp-json\/wp\/v2\/media?parent=204"}],"curies":[{"name":"wp","href":"https:\/\/api.w.org\/{rel}","templated":true}]}}