{"id":124,"date":"2021-03-30T18:09:12","date_gmt":"2021-03-30T18:09:12","guid":{"rendered":"https:\/\/tc-sanktjohann.at\/?page_id=124"},"modified":"2021-04-08T20:36:13","modified_gmt":"2021-04-08T20:36:13","slug":"impressum","status":"publish","type":"page","link":"https:\/\/tc-sanktjohann.at\/index.php\/impressum\/","title":{"rendered":"Datenschutz"},"content":{"rendered":"\n<h1 class=\"wp-block-heading\">Privatsph\u00e4re und Datenschutz<\/h1>\n\n\n\n<p>Der Verein TC St. Johann im Saggautal legt gr\u00f6\u00dften Wert auf den Schutz deiner Daten und die Wahrung deiner Privatsph\u00e4re. Nachstehend findest du Informationen \u00fcber die Erhebung und Verwendung pers\u00f6nlicher Daten bei der Nutzung dieser Website.<\/p>\n\n\n\n<p><strong>Anonyme Datenerhebung<\/strong><br>Diese Website kannst du ohne Angaben zu deiner Person besuchen \u2013 in diesem Zusammenhang werden keinerlei pers\u00f6nliche Daten gespeichert. Zur Verbesserung werten wir lediglich statistische Daten, welche keinerlei R\u00fcckschluss auf deine Person erlauben, aus.<\/p>\n\n\n\n<p><strong>Weitergabe personenbezogener Daten<\/strong><br>Eine Weitergabe deiner Daten an Dritte ohne deiner ausdr\u00fcckliche Einwilligung erfolgt nicht. Pers\u00f6nliche Daten wie E-Mail-Adresse oder Anschrift verwenden wir ausschlie\u00dflich, um Anfragen oder Anmeldungen abzuwickeln.<\/p>\n\n\n\n<p><strong>Gender-Hinweis<br><\/strong>Im Sinne einer besseren Lesbarkeit der Texte wurde von uns entweder die m\u00e4nnliche oder weibliche Form von personenbezogenen Hauptw\u00f6rtern gew\u00e4hlt. Dies impliziert keinesfalls eine Benachteiligung des jeweils anderen Geschlechts. Frauen und M\u00e4nner m\u00f6gen sich von den Inhalten unserer Website gleicherma\u00dfen angesprochen f\u00fchlen. Wir danken f\u00fcr dein Verst\u00e4ndnis.<br><\/p>\n\n\n\n<p><\/p>\n\n\n\n<p><\/p>\n","protected":false},"excerpt":{"rendered":"<p>Privatsph\u00e4re und Datenschutz Der Verein TC St. Johann im Saggautal legt gr\u00f6\u00dften Wert auf den Schutz deiner Daten und die Wahrung deiner Privatsph\u00e4re. Nachstehend findest du Informationen \u00fcber die Erhebung und Verwendung pers\u00f6nlicher Daten bei der Nutzung dieser Website. Anonyme<\/p>\n","protected":false},"author":1,"featured_media":0,"parent":0,"menu_order":0,"comment_status":"closed","ping_status":"closed","template":"","meta":[],"_links":{"self":[{"href":"https:\/\/tc-sanktjohann.at\/index.php\/wp-json\/wp\/v2\/pages\/124"}],"collection":[{"href":"https:\/\/tc-sanktjohann.at\/index.php\/wp-json\/wp\/v2\/pages"}],"about":[{"href":"https:\/\/tc-sanktjohann.at\/index.php\/wp-json\/wp\/v2\/types\/page"}],"author":[{"embeddable":true,"href":"https:\/\/tc-sanktjohann.at\/index.php\/wp-json\/wp\/v2\/users\/1"}],"replies":[{"embeddable":true,"href":"https:\/\/tc-sanktjohann.at\/index.php\/wp-json\/wp\/v2\/comments?post=124"}],"version-history":[{"count":2,"href":"https:\/\/tc-sanktjohann.at\/index.php\/wp-json\/wp\/v2\/pages\/124\/revisions"}],"predecessor-version":[{"id":140,"href":"https:\/\/tc-sanktjohann.at\/index.php\/wp-json\/wp\/v2\/pages\/124\/revisions\/140"}],"wp:attachment":[{"href":"https:\/\/tc-sanktjohann.at\/index.php\/wp-json\/wp\/v2\/media?parent=124"}],"curies":[{"name":"wp","href":"https:\/\/api.w.org\/{rel}","templated":true}]}}