{"id":11,"date":"2021-03-29T19:46:32","date_gmt":"2021-03-29T19:46:32","guid":{"rendered":"https:\/\/tc-sanktjohann.at\/?page_id=11"},"modified":"2024-04-09T11:52:06","modified_gmt":"2024-04-09T11:52:06","slug":"online-reservierung","status":"publish","type":"page","link":"https:\/\/tc-sanktjohann.at\/","title":{"rendered":"Online-Reservierung"},"content":{"rendered":"\n<h2 class=\"wp-block-heading has-text-align-center has-luminous-vivid-amber-color has-text-color\"><\/h2>\n\n\n\n<h1 class=\"wp-block-heading\">Buche deinen Tennisplatz online<\/h1>\n\n\n\n<figure class=\"wp-block-image size-large is-style-default\"><img decoding=\"async\" loading=\"lazy\" width=\"1024\" height=\"576\" src=\"https:\/\/tc-sanktjohann.at\/wp-content\/uploads\/2024\/04\/WhatsApp-Image-2024-04-09-at-12.33.45-1024x576.jpeg\" alt=\"\" class=\"wp-image-805\" srcset=\"https:\/\/tc-sanktjohann.at\/wp-content\/uploads\/2024\/04\/WhatsApp-Image-2024-04-09-at-12.33.45-1024x576.jpeg 1024w, https:\/\/tc-sanktjohann.at\/wp-content\/uploads\/2024\/04\/WhatsApp-Image-2024-04-09-at-12.33.45-300x169.jpeg 300w, https:\/\/tc-sanktjohann.at\/wp-content\/uploads\/2024\/04\/WhatsApp-Image-2024-04-09-at-12.33.45-768x432.jpeg 768w, https:\/\/tc-sanktjohann.at\/wp-content\/uploads\/2024\/04\/WhatsApp-Image-2024-04-09-at-12.33.45-1536x864.jpeg 1536w, https:\/\/tc-sanktjohann.at\/wp-content\/uploads\/2024\/04\/WhatsApp-Image-2024-04-09-at-12.33.45.jpeg 2048w\" sizes=\"(max-width: 1024px) 100vw, 1024px\" \/><\/figure>\n\n\n\n<div class=\"wp-block-buttons is-horizontal is-content-justification-center is-layout-flex wp-container-1\">\n<div class=\"wp-block-button is-style-fill\"><a class=\"wp-block-button__link has-white-color has-text-color has-background wp-element-button\" href=\"https:\/\/tc-sanktjohann.tennisplatz.info\/registrieren\" style=\"border-radius:8px;background-color:#ffa900\" target=\"_blank\" rel=\"noreferrer noopener\"><strong>Hier geht es zur Registrierung<\/strong><\/a><\/div>\n\n\n\n<div class=\"wp-block-button\"><a class=\"wp-block-button__link has-background wp-element-button\" href=\"https:\/\/tc-sanktjohann.tennisplatz.info\/reservierung\" style=\"border-radius:8px;background-color:#ffa900\" target=\"_blank\" rel=\"noreferrer noopener\"><strong>Hier geht es zur Buchung<\/strong><\/a><\/div>\n\n\n\n<div class=\"wp-block-button\"><a class=\"wp-block-button__link has-vivid-red-color has-text-color has-background wp-element-button\" href=\"https:\/\/tc-sanktjohann.tennisplatz.info\/forderung\" style=\"border-radius:8px;background-color:#ffa900\"><strong>Ranglistenspiele<\/strong><\/a><\/div>\n<\/div>\n\n\n\n<hr class=\"wp-block-separator has-text-color has-css-opacity has-background is-style-wide\" style=\"background-color:#ffa900;color:#ffa900\"\/>\n\n\n\n<h2 class=\"wp-block-heading has-luminous-vivid-amber-color has-text-color\">Die neuen Tennispl\u00e4tze sind bespielbar!<\/h2>\n\n\n\n<p>Nach den massiven Sch\u00e4den durch das Hochwasser haben wir nun unsere Tennispl\u00e4tze komplett erneuert und von Sand auf ForceCourt2 als Belag umgestellt. Weitere Infos unter <a href=\"https:\/\/sportbau-krainz.at\/de\/tennis-force-r-ii\" target=\"_blank\" rel=\"noreferrer noopener\">https:\/\/sportbau-krainz.at\/de\/tennis-force-r-ii<\/a>.<\/p>\n\n\n\n<hr class=\"wp-block-separator has-text-color has-luminous-vivid-amber-color has-alpha-channel-opacity has-luminous-vivid-amber-background-color has-background is-style-wide\"\/>\n\n\n\n<h2 class=\"wp-block-heading has-luminous-vivid-amber-color has-text-color\"><strong>Neues Vereinsmitglied: Susi Ballmaschine<\/strong><\/h2>\n\n\n\n<p>Wir haben eine neue Ballmaschine angeschafft, welche f\u00fcr alle Vereinsmitglieder zu Verf\u00fcgung steht!  <\/p>\n\n\n\n<p>Die Ballmaschine kann als Mitspieler reserviert werden, dazu einfach eine Platzreservierung anlegen und &#8222;Susi Ballmaschine&#8220; hinzuf\u00fcgen. <\/p>\n\n\n\n<p><strong>Die Maschine funktioniert mit Akku und steht im Lager, nach dem Spielen einfach wieder zur\u00fcckstellen und anstecken<\/strong>. Bitte besonders auf die Fernbedienung achten, die sollte keinesfalls verloren gehen. Bedienungsanleitung liegt bei. Die B\u00e4lle die eingef\u00fcllt sind sind spezielle &#8222;Drucklose&#8220; B\u00e4lle, bitte nicht mit normalen mischen und immer alle einsammeln! <\/p>\n\n\n\n<figure class=\"wp-block-image size-large is-resized\"><img decoding=\"async\" loading=\"lazy\" src=\"https:\/\/tc-sanktjohann.at\/wp-content\/uploads\/2023\/06\/IMG_6697-768x1024.jpg\" alt=\"\" class=\"wp-image-754\" width=\"358\" height=\"477\" srcset=\"https:\/\/tc-sanktjohann.at\/wp-content\/uploads\/2023\/06\/IMG_6697-768x1024.jpg 768w, https:\/\/tc-sanktjohann.at\/wp-content\/uploads\/2023\/06\/IMG_6697-225x300.jpg 225w, https:\/\/tc-sanktjohann.at\/wp-content\/uploads\/2023\/06\/IMG_6697-1152x1536.jpg 1152w, https:\/\/tc-sanktjohann.at\/wp-content\/uploads\/2023\/06\/IMG_6697-1536x2048.jpg 1536w, https:\/\/tc-sanktjohann.at\/wp-content\/uploads\/2023\/06\/IMG_6697-scaled.jpg 1920w\" sizes=\"(max-width: 358px) 100vw, 358px\" \/><\/figure>\n\n\n\n<hr class=\"wp-block-separator has-text-color has-css-opacity has-background is-style-wide\" style=\"background-color:#ffa900;color:#ffa900\"\/>\n\n\n\n<h2 class=\"wp-block-heading\">Hilfe und Wichtiges zur Registrierung und Buchung<\/h2>\n\n\n\n<p>Du kannst deinen Platz ganz bequem von zu Haus mit dem Computer oder auch unterwegs mit dem Handy <strong><a rel=\"noreferrer noopener\" href=\"https:\/\/tc-sanktjohann.tennisplatz.info\/reservierung\" target=\"_blank\">reservieren<\/a><\/strong>. Unser Online Reservierungssystem steht allen Mitgliedern des TC St. Johann im Saggautal sowie allen G\u00e4sten zur Verf\u00fcgung. Zur Nutzung bitten wir dich um eine einmalige <strong><a rel=\"noreferrer noopener\" href=\"https:\/\/tc-sanktjohann.tennisplatz.info\/registrieren\" target=\"_blank\">Registrierung<\/a><\/strong>. Alle Daten werden vertraulich behandelt und nicht an Dritte weitergeleitet. <\/p>\n\n\n\n<p><\/p>\n\n\n\n<p>Falls du bei der Registrierung Unterst\u00fctzung brauchst, steht dir unser Organisationsreferent und IT-Profi Arnold (0676-84142882) gerne zur Verf\u00fcgung.<\/p>\n\n\n\n<hr class=\"wp-block-separator has-text-color has-css-opacity has-background is-style-wide\" style=\"background-color:#ffa900;color:#ffa900\"\/>\n\n\n\n<div style=\"height:10px\" aria-hidden=\"true\" class=\"wp-block-spacer\"><\/div>\n\n\n\n<h5 class=\"wp-block-heading has-text-color\" style=\"color:#ffa900\">Was ist im Feld &#8222;Benutzername&#8220; bei der Registrierung einzutragen?<\/h5>\n\n\n\n<p><strong>Antwort:<\/strong> Bei der Registrierung wird nach einem Benutzernamen und einem Passwort gefragt. F\u00fcr den Benutzernamen am besten&nbsp;<strong>vorname.nachname<\/strong>&nbsp;oder&nbsp;<strong>v.nachname<\/strong> eingeben, sollte der Benutzername schon vergeben sein, bitte einen anderen w\u00e4hlen. Danach noch ein <strong>pers\u00f6nliches Passwort<\/strong> eingeben.<\/p>\n\n\n\n<div class=\"wp-block-media-text alignwide is-stacked-on-mobile\"><figure class=\"wp-block-media-text__media\"><img decoding=\"async\" loading=\"lazy\" width=\"590\" height=\"263\" src=\"https:\/\/tc-sanktjohann.at\/wp-content\/uploads\/2021\/03\/Reservierung-Frage1.jpg\" alt=\"Hilfe Registrierung Zugangsdaten\" class=\"wp-image-208 size-full\" srcset=\"https:\/\/tc-sanktjohann.at\/wp-content\/uploads\/2021\/03\/Reservierung-Frage1.jpg 590w, https:\/\/tc-sanktjohann.at\/wp-content\/uploads\/2021\/03\/Reservierung-Frage1-300x134.jpg 300w\" sizes=\"(max-width: 590px) 100vw, 590px\" \/><\/figure><div class=\"wp-block-media-text__content\">\n<p class=\"has-normal-font-size\"><\/p>\n<\/div><\/div>\n\n\n\n<hr class=\"wp-block-separator has-text-color has-css-opacity has-background is-style-wide\" style=\"background-color:#ffa900;color:#ffa900\"\/>\n\n\n\n<h5 class=\"wp-block-heading has-text-color\" style=\"color:#ffa900\">Ich will mit einem Freund, der kein Mitglied vom Verein ist, spielen. Sein Name scheint bei der Auswahl nicht auf. Was mu\u00df ich tun?<\/h5>\n\n\n\n<p><strong>Antwort:<\/strong> Am besten ist du bittest deinen Freund, sich im Buchungssystem zu registrieren. Danach kannst du ihn \u00fcber seinen Benutzername finden. Dann l\u00e4uft er bei uns im System als &#8222;Gast&#8220;. Die gespielten G\u00e4stestunden m\u00fcssen dann bezahlt werden. Hier findest du mehr Infos bzgl. <strong><a href=\"https:\/\/tc-sanktjohann.at\/index.php\/regelungen\/#gaststunde\">G\u00e4stestunden<\/a><\/strong>.<br>Ist dein Freund Mitglied bei unserem Verein bzw. will <strong><a href=\"https:\/\/tc-sanktjohann.at\/index.php\/mitglied-werden\/\">Mitglied werden<\/a><\/strong> &#8211; wird er als &#8222;Mitglied&#8220; im System angef\u00fchrt. <\/p>\n\n\n\n<hr class=\"wp-block-separator has-text-color has-css-opacity has-background is-style-wide\" style=\"background-color:#ffa900;color:#ffa900\"\/>\n\n\n\n<h5 class=\"wp-block-heading has-text-color\" style=\"color:#ffa900\">Soll ich mein Kind bei der Plattform auch registrieren?<\/h5>\n\n\n\n<p><strong>Antwort:<\/strong> Ja &#8211; wir bitten darum. Ist dein Kind Mitglied bei unserem Verein wird es danach als &#8222;Mitglied&#8220; im System angef\u00fchrt &#8211; ansonsten kannst du nur einen &#8222;Gastspieler&#8220; w\u00e4hlen und dieser muss die jeweiligen Einheiten bezahlen. Hier findest du mehr Infos bzgl. <strong><a href=\"https:\/\/tc-sanktjohann.at\/index.php\/regelungen\/#gaststunde\">G\u00e4stestunden<\/a><\/strong>.<\/p>\n\n\n\n<hr class=\"wp-block-separator has-text-color has-css-opacity has-background is-style-wide\" style=\"background-color:#ffa900;color:#ffa900\"\/>\n\n\n\n<h5 class=\"wp-block-heading has-text-color\" style=\"color:#ffa900\">Gibt es eine App f\u00fcrs Handy?<\/h5>\n\n\n\n<p><strong>Antwort:<\/strong> Es gib keine App im Google Play Store oder im App Store, aber mit der folgenden Anleitung kannst du einen Link am Handy Desktop erzeugen:<\/p>\n\n\n\n<p>Im mobilen Men\u00fc des Portals gibt es den Men\u00fcpunkt &#8222;Web-App installieren&#8220;.&nbsp;<strong>Auf Android wird der Benutzer<\/strong> auch aufgefordert, die Installation zu starten. Alternativ kann im Browser-Men\u00fc installiert werden.<\/p>\n\n\n\n<ul>\n<li>Chrome: rechts oben Icon mit 3 Punkte: <strong>&#8222;Zum Startbildschirm hinzuf\u00fcgen&#8220;&nbsp;<\/strong><\/li>\n\n\n\n<li>Samsung Internet: rechts unten Icon mit 3 Striche: <strong>&#8222;Seite hinzuf\u00fcgen zu&#8230;&#8220; &gt; &#8222;App Bildschirm&#8220;<\/strong><\/li>\n<\/ul>\n\n\n\n<p>Auf <strong>Apple-Ger\u00e4ten\/iOS <\/strong>wird eine Anleitung angezeigt<\/p>\n\n\n\n<ul>\n<li>\u00dcber das mittlere Browser Icon im unteren Bereich w\u00e4hlt man anschlie\u00dfend &#8222;Zum Home-Bildschirm hinzuf\u00fcgen&#8220;.<\/li>\n<\/ul>\n\n\n\n<p>Es handelt sich bei der Web-App um einen Shortcut auf dem Home-Screen mit spezieller Konfiguration. Mit diesem Shortcut kommt man schlie\u00dflich mit einem Klick auf unsere Tennisseite.<\/p>\n\n\n\n<hr class=\"wp-block-separator has-text-color has-css-opacity has-background is-style-wide\" style=\"background-color:#ffa900;color:#ffa900\"\/>\n\n\n\n<h5 class=\"wp-block-heading has-text-color\" style=\"color:#ffa900\">Welche Profileinstellungen sind wichtig bwz. sollten bearbeitet werden?<\/h5>\n\n\n\n<div class=\"wp-block-columns is-layout-flex wp-container-5\">\n<div class=\"wp-block-column is-layout-flow\" style=\"flex-basis:100%\">\n<figure class=\"wp-block-gallery has-nested-images columns-default is-cropped wp-block-gallery-2 is-layout-flex\">\n<figure class=\"wp-block-image size-large\"><img decoding=\"async\" loading=\"lazy\" width=\"462\" height=\"445\" src=\"https:\/\/tc-sanktjohann.at\/wp-content\/uploads\/2021\/04\/Screenshot-2021-04-21-214928.png\" alt=\"\" class=\"wp-image-465\" srcset=\"https:\/\/tc-sanktjohann.at\/wp-content\/uploads\/2021\/04\/Screenshot-2021-04-21-214928.png 462w, https:\/\/tc-sanktjohann.at\/wp-content\/uploads\/2021\/04\/Screenshot-2021-04-21-214928-300x289.png 300w\" sizes=\"(max-width: 462px) 100vw, 462px\" \/><\/figure>\n\n\n\n<figure class=\"wp-block-image size-large\"><img decoding=\"async\" loading=\"lazy\" width=\"928\" height=\"1024\" src=\"https:\/\/tc-sanktjohann.at\/wp-content\/uploads\/2021\/04\/IMG_1593-928x1024.jpg\" alt=\"\" class=\"wp-image-467\" srcset=\"https:\/\/tc-sanktjohann.at\/wp-content\/uploads\/2021\/04\/IMG_1593-928x1024.jpg 928w, https:\/\/tc-sanktjohann.at\/wp-content\/uploads\/2021\/04\/IMG_1593-272x300.jpg 272w, https:\/\/tc-sanktjohann.at\/wp-content\/uploads\/2021\/04\/IMG_1593-768x847.jpg 768w, https:\/\/tc-sanktjohann.at\/wp-content\/uploads\/2021\/04\/IMG_1593.jpg 1125w\" sizes=\"(max-width: 928px) 100vw, 928px\" \/><\/figure>\n<figcaption class=\"blocks-gallery-caption wp-element-caption\">Hier findest du das Men\u00fc &#8211; Ansicht PC (links) und Handy-Version (rechts).<\/figcaption><\/figure>\n<\/div>\n<\/div>\n\n\n\n<p>Wir empfehlen folgende E-Mail Benachrichtigung <em><a href=\"https:\/\/tc-sanktjohann.tennisplatz.info\/profil\/benachrichtigungen\">(Profil \/ Benachrichtigungen)<\/a><\/em> zu aktivieren:<br><strong>\u2022 Reservierungsbest\u00e4tigung <\/strong>&#8212;&gt; hier bekommst du eine Benachrichtigung wenn du bei einer Reservierung als Mitspieler ausgew\u00e4hlt wurdest.<br><strong>\u2022 Storno Spieler<\/strong> &#8212;&gt; hier bekommst du eine Benachrichtigung, wenn eine Reservierung storniert wurde, bei der du als Mitspieler ausgew\u00e4hlt wurdest.<br><strong>\u2022 Platzsperre<\/strong> &#8211;&gt; hier bekommst du eine Benachrichtigung, wenn du auf Grund einer Reservierung von einer Platzsperre betroffen bist<\/p>\n\n\n\n<p><\/p>\n\n\n\n<hr class=\"wp-block-separator has-text-color has-css-opacity has-background is-style-wide\" style=\"background-color:#ffa900;color:#ffa900\"\/>\n","protected":false},"excerpt":{"rendered":"<p>Buche deinen Tennisplatz online Die neuen Tennispl\u00e4tze sind bespielbar! Nach den massiven Sch\u00e4den durch das Hochwasser haben wir nun unsere Tennispl\u00e4tze komplett erneuert und von Sand auf ForceCourt2 als Belag umgestellt. Weitere Infos unter https:\/\/sportbau-krainz.at\/de\/tennis-force-r-ii. Neues Vereinsmitglied: Susi Ballmaschine Wir<\/p>\n","protected":false},"author":1,"featured_media":0,"parent":0,"menu_order":0,"comment_status":"closed","ping_status":"closed","template":"","meta":[],"_links":{"self":[{"href":"https:\/\/tc-sanktjohann.at\/index.php\/wp-json\/wp\/v2\/pages\/11"}],"collection":[{"href":"https:\/\/tc-sanktjohann.at\/index.php\/wp-json\/wp\/v2\/pages"}],"about":[{"href":"https:\/\/tc-sanktjohann.at\/index.php\/wp-json\/wp\/v2\/types\/page"}],"author":[{"embeddable":true,"href":"https:\/\/tc-sanktjohann.at\/index.php\/wp-json\/wp\/v2\/users\/1"}],"replies":[{"embeddable":true,"href":"https:\/\/tc-sanktjohann.at\/index.php\/wp-json\/wp\/v2\/comments?post=11"}],"version-history":[{"count":123,"href":"https:\/\/tc-sanktjohann.at\/index.php\/wp-json\/wp\/v2\/pages\/11\/revisions"}],"predecessor-version":[{"id":808,"href":"https:\/\/tc-sanktjohann.at\/index.php\/wp-json\/wp\/v2\/pages\/11\/revisions\/808"}],"wp:attachment":[{"href":"https:\/\/tc-sanktjohann.at\/index.php\/wp-json\/wp\/v2\/media?parent=11"}],"curies":[{"name":"wp","href":"https:\/\/api.w.org\/{rel}","templated":true}]}}